{"id":7,"date":"2020-05-29T11:20:16","date_gmt":"2020-05-29T11:20:16","guid":{"rendered":"http:\/\/ah-fensterservice.at\/?page_id=7"},"modified":"2020-09-03T16:31:24","modified_gmt":"2020-09-03T16:31:24","slug":"blog","status":"publish","type":"page","link":"http:\/\/ah-fensterservice.at\/?page_id=7","title":{"rendered":"Leistungen"},"content":{"rendered":"\t\t<div data-elementor-type=\"wp-page\" data-elementor-id=\"7\" class=\"elementor elementor-7\" data-elementor-settings=\"[]\">\n\t\t\t<div class=\"elementor-inner\">\n\t\t\t\t<div class=\"elementor-section-wrap\">\n\t\t\t\t\t\t\t<section class=\"elementor-element elementor-element-a49c7a0 elementor-section-boxed elementor-section-height-default elementor-section-height-default elementor-section elementor-top-section\" data-id=\"a49c7a0\" data-element_type=\"section\">\n\t\t\t\t\t\t<div class=\"elementor-container elementor-column-gap-default\">\n\t\t\t\t<div class=\"elementor-row\">\n\t\t\t\t<div class=\"elementor-element elementor-element-ae455a3 elementor-column elementor-col-100 elementor-top-column\" data-id=\"ae455a3\" data-element_type=\"column\">\n\t\t\t<div class=\"elementor-column-wrap  elementor-element-populated\">\n\t\t\t\t\t<div class=\"elementor-widget-wrap\">\n\t\t\t\t<div class=\"elementor-element elementor-element-e55f4c7 elementor-widget elementor-widget-spacer\" data-id=\"e55f4c7\" data-element_type=\"widget\" data-widget_type=\"spacer.default\">\n\t\t\t\t<div class=\"elementor-widget-container\">\n\t\t\t\t\t<div class=\"elementor-spacer\">\n\t\t\t<div class=\"elementor-spacer-inner\"><\/div>\n\t\t<\/div>\n\t\t\t\t<\/div>\n\t\t\t\t<\/div>\n\t\t\t\t<div class=\"elementor-element elementor-element-a3a20d5 elementor-widget elementor-widget-heading\" data-id=\"a3a20d5\" data-element_type=\"widget\" data-widget_type=\"heading.default\">\n\t\t\t\t<div class=\"elementor-widget-container\">\n\t\t\t<h2 class=\"elementor-heading-title elementor-size-default\">Unsere Leistungen<\/h2>\t\t<\/div>\n\t\t\t\t<\/div>\n\t\t\t\t\t\t<\/div>\n\t\t\t<\/div>\n\t\t<\/div>\n\t\t\t\t\t\t<\/div>\n\t\t\t<\/div>\n\t\t<\/section>\n\t\t\t\t<section class=\"elementor-element elementor-element-3329933 elementor-section-height-min-height elementor-section-boxed elementor-section-height-default elementor-section-items-middle elementor-section elementor-top-section\" data-id=\"3329933\" data-element_type=\"section\">\n\t\t\t\t\t\t<div class=\"elementor-container elementor-column-gap-default\">\n\t\t\t\t<div class=\"elementor-row\">\n\t\t\t\t<div class=\"elementor-element elementor-element-cc24f85 elementor-column elementor-col-100 elementor-top-column\" data-id=\"cc24f85\" data-element_type=\"column\">\n\t\t\t<div class=\"elementor-column-wrap  elementor-element-populated\">\n\t\t\t\t\t<div class=\"elementor-widget-wrap\">\n\t\t\t\t<div class=\"elementor-element elementor-element-a76360b elementor-widget elementor-widget-text-editor\" data-id=\"a76360b\" data-element_type=\"widget\" data-widget_type=\"text-editor.default\">\n\t\t\t\t<div class=\"elementor-widget-container\">\n\t\t\t\t\t<div class=\"elementor-text-editor elementor-clearfix\"><p><\/p><ul><li>Tischlerarbeiten,- Service,- Reparaturen- und Instandsetzungen von Fenstern und T\u00fcren aller Art<\/li><li>Erneuerung von einzelnen Kastenfensterebenen- \u201eSANIERFENSTER\u201c<\/li><li>Sanierung und Reparatur von Kastenfenstern<\/li><li>Vertrieb und Montage von Holz,- Holz\/Alu Fenstern, Kunststoff und Kunststoff\/Alu- Fenstern, sowie Sonnen- und Insektenschutz von namenhaften \u00f6sterreichischen Erzeugern.<\/li><\/ul><\/div>\n\t\t\t\t<\/div>\n\t\t\t\t<\/div>\n\t\t\t\t\t\t<\/div>\n\t\t\t<\/div>\n\t\t<\/div>\n\t\t\t\t\t\t<\/div>\n\t\t\t<\/div>\n\t\t<\/section>\n\t\t\t\t<section class=\"elementor-element elementor-element-1f517e2 elementor-section-boxed elementor-section-height-default elementor-section-height-default elementor-section elementor-top-section\" data-id=\"1f517e2\" data-element_type=\"section\">\n\t\t\t\t\t\t<div class=\"elementor-container elementor-column-gap-default\">\n\t\t\t\t<div class=\"elementor-row\">\n\t\t\t\t<div class=\"elementor-element elementor-element-39ce070 elementor-column elementor-col-100 elementor-top-column\" data-id=\"39ce070\" data-element_type=\"column\">\n\t\t\t<div class=\"elementor-column-wrap  elementor-element-populated\">\n\t\t\t\t\t<div class=\"elementor-widget-wrap\">\n\t\t\t\t<div class=\"elementor-element elementor-element-76cbf4a elementor-widget elementor-widget-image-gallery\" data-id=\"76cbf4a\" data-element_type=\"widget\" data-widget_type=\"image-gallery.default\">\n\t\t\t\t<div class=\"elementor-widget-container\">\n\t\t\t\t\t<div class=\"elementor-image-gallery\">\n\t\t\t\n\t\t<style type=\"text\/css\">\n\t\t\t#gallery-1 {\n\t\t\t\tmargin: auto;\n\t\t\t}\n\t\t\t#gallery-1 .gallery-item {\n\t\t\t\tfloat: left;\n\t\t\t\tmargin-top: 10px;\n\t\t\t\ttext-align: center;\n\t\t\t\twidth: 25%;\n\t\t\t}\n\t\t\t#gallery-1 img {\n\t\t\t\tborder: 2px solid #cfcfcf;\n\t\t\t}\n\t\t\t#gallery-1 .gallery-caption {\n\t\t\t\tmargin-left: 0;\n\t\t\t}\n\t\t\t\/* see gallery_shortcode() in wp-includes\/media.php *\/\n\t\t<\/style>\n\t\t<div id='gallery-1' class='gallery galleryid-7 gallery-columns-4 gallery-size-thumbnail'><dl class='gallery-item'>\n\t\t\t<dt class='gallery-icon portrait'>\n\t\t\t\t<a data-elementor-open-lightbox=\"yes\" data-elementor-lightbox-slideshow=\"76cbf4a\" data-elementor-lightbox-title=\"Kastenfenster\" href='http:\/\/ah-fensterservice.at\/wp-content\/uploads\/2020\/05\/kf-1.png'><img width=\"150\" height=\"150\" src=\"http:\/\/ah-fensterservice.at\/wp-content\/uploads\/2020\/05\/kf-1-150x150.png\" class=\"attachment-thumbnail size-thumbnail\" alt=\"\" loading=\"lazy\" \/><\/a>\n\t\t\t<\/dt><\/dl><dl class='gallery-item'>\n\t\t\t<dt class='gallery-icon portrait'>\n\t\t\t\t<a data-elementor-open-lightbox=\"yes\" data-elementor-lightbox-slideshow=\"76cbf4a\" data-elementor-lightbox-title=\"Kastenfenster\" href='http:\/\/ah-fensterservice.at\/wp-content\/uploads\/2020\/05\/sanierenfenster.png'><img width=\"150\" height=\"150\" src=\"http:\/\/ah-fensterservice.at\/wp-content\/uploads\/2020\/05\/sanierenfenster-150x150.png\" class=\"attachment-thumbnail size-thumbnail\" alt=\"\" loading=\"lazy\" \/><\/a>\n\t\t\t<\/dt><\/dl><dl class='gallery-item'>\n\t\t\t<dt class='gallery-icon portrait'>\n\t\t\t\t<a data-elementor-open-lightbox=\"yes\" data-elementor-lightbox-slideshow=\"76cbf4a\" data-elementor-lightbox-title=\"Kastenfenster\" href='http:\/\/ah-fensterservice.at\/wp-content\/uploads\/2020\/05\/IMG_0866.png'><img width=\"150\" height=\"150\" src=\"http:\/\/ah-fensterservice.at\/wp-content\/uploads\/2020\/05\/IMG_0866-150x150.png\" class=\"attachment-thumbnail size-thumbnail\" alt=\"\" loading=\"lazy\" \/><\/a>\n\t\t\t<\/dt><\/dl><dl class='gallery-item'>\n\t\t\t<dt class='gallery-icon portrait'>\n\t\t\t\t<a data-elementor-open-lightbox=\"yes\" data-elementor-lightbox-slideshow=\"76cbf4a\" data-elementor-lightbox-title=\"Kastenfenster\" href='http:\/\/ah-fensterservice.at\/wp-content\/uploads\/2020\/05\/IMG_0865.png'><img width=\"150\" height=\"150\" src=\"http:\/\/ah-fensterservice.at\/wp-content\/uploads\/2020\/05\/IMG_0865-150x150.png\" class=\"attachment-thumbnail size-thumbnail\" alt=\"\" loading=\"lazy\" \/><\/a>\n\t\t\t<\/dt><\/dl><br style=\"clear: both\" \/>\n\t\t<\/div>\n\t\t<\/div>\n\t\t\t\t<\/div>\n\t\t\t\t<\/div>\n\t\t\t\t\t\t<\/div>\n\t\t\t<\/div>\n\t\t<\/div>\n\t\t\t\t\t\t<\/div>\n\t\t\t<\/div>\n\t\t<\/section>\n\t\t\t\t<section class=\"elementor-element elementor-element-b42f5af elementor-section-boxed elementor-section-height-default elementor-section-height-default elementor-section elementor-top-section\" data-id=\"b42f5af\" data-element_type=\"section\">\n\t\t\t\t\t\t<div class=\"elementor-container elementor-column-gap-default\">\n\t\t\t\t<div class=\"elementor-row\">\n\t\t\t\t<div class=\"elementor-element elementor-element-13327fc elementor-column elementor-col-100 elementor-top-column\" data-id=\"13327fc\" data-element_type=\"column\">\n\t\t\t<div class=\"elementor-column-wrap  elementor-element-populated\">\n\t\t\t\t\t<div class=\"elementor-widget-wrap\">\n\t\t\t\t<div class=\"elementor-element elementor-element-4b6a3a1 elementor-widget elementor-widget-spacer\" data-id=\"4b6a3a1\" data-element_type=\"widget\" data-widget_type=\"spacer.default\">\n\t\t\t\t<div class=\"elementor-widget-container\">\n\t\t\t\t\t<div class=\"elementor-spacer\">\n\t\t\t<div class=\"elementor-spacer-inner\"><\/div>\n\t\t<\/div>\n\t\t\t\t<\/div>\n\t\t\t\t<\/div>\n\t\t\t\t\t\t<\/div>\n\t\t\t<\/div>\n\t\t<\/div>\n\t\t\t\t\t\t<\/div>\n\t\t\t<\/div>\n\t\t<\/section>\n\t\t\t\t<section class=\"elementor-element elementor-element-99c8f9c elementor-section-boxed elementor-section-height-default elementor-section-height-default elementor-section elementor-top-section\" data-id=\"99c8f9c\" data-element_type=\"section\">\n\t\t\t\t\t\t<div class=\"elementor-container elementor-column-gap-default\">\n\t\t\t\t<div class=\"elementor-row\">\n\t\t\t\t<div class=\"elementor-element elementor-element-971707f elementor-column elementor-col-100 elementor-top-column\" data-id=\"971707f\" data-element_type=\"column\">\n\t\t\t<div class=\"elementor-column-wrap  elementor-element-populated\">\n\t\t\t\t\t<div class=\"elementor-widget-wrap\">\n\t\t\t\t<div class=\"elementor-element elementor-element-95add84 elementor-widget elementor-widget-text-editor\" data-id=\"95add84\" data-element_type=\"widget\" data-widget_type=\"text-editor.default\">\n\t\t\t\t<div class=\"elementor-widget-container\">\n\t\t\t\t\t<div class=\"elementor-text-editor elementor-clearfix\"><p>Kastenfenster sind ein sehr wichtiger Bestandteil von historischen Geb\u00e4uden und sollten daher weitgehend erhalten bleiben. Nicht selten ist eine Sanierung jedoch technisch und wirtschaftlich nicht sinnvoll bzw. erfordert die Verwendung von v\u00f6llig neuen, nicht stilgerechten Fenstersystemen,<br \/>welche mit einem enormen Kosten,- Arbeits- und Zeitaufwand verbunden ist. Zudem ist in historischen Schutzzonen ein Tausch gegen herk\u00f6mmliche Fenstersysteme in den meisten F\u00e4llen nicht zul\u00e4ssig.<\/p><p><\/p><p>Wir haben f\u00fcr diese Situation eine optimale L\u00f6sung f\u00fcr Sie! Unser technisch raffiniertes System \u201eSANIERFENSTER\u201c bildet eine komplett neue Kastenfensterebene aus (wahlweise und je nach Bedarf innen oder au\u00dfen), welche mit geringer Staub- und Schmutzbelastung in den bestehenden Kastenstock eingef\u00fcgt wird und somit eine ensemblegerechte und bestandskonforme Einheit ergibt.<\/p><p>Die Vorteile liegen im wahrsten Sinne des Wortes in der Hand: Unser \u201eSANIERFENSTER\u201c verbindet die zarte Rahmenkonstruktion und Sch\u00f6nheit eines Kastenfensters mit Komponenten moderner Fenstertechnik wie z.B. Isolierverglasung, Verschlusssysteme, umlaufende Dichtungsebene sowie Holzoberfl\u00e4chenschutz und bietet optimalen W\u00e4rme- und Schallschutz bzw. hemmt die Bildung vom Kondensat und Schimmel.<\/p><p>In architektonischen Schutzzonen in Wien ist grunds\u00e4tzlich jeder Fenstertausch genehmigungspflichtig. Auch au\u00dferhalb der Schutzzonen muss jeder Fenstertausch, bei dem das \u00e4u\u00dfere Erscheinungsbild ver\u00e4ndert wird angezeigt werden. Das Genehmigungsverfahren erfordert entsprechend der Wiener Bauordnung eine Bauanzeige lt. \u00a7 62 bei der MA 37.<\/p><p>Link: <a href=\"https:\/\/www.wien.gv.at\/kulturportal\/public\/grafik.aspx?ThemePage=1&amp;RadioButtonState=1111111011111\" rel=\"noopener\" target=\"_blank\">www.wien.gv.at\/kulturportal\/public<\/a><\/p><p><strong>Gerne wickeln wir in Zusammenarbeit mit unserem Architekten dieses Verfahren f\u00fcr Sie ab, sodass Ihrem Fenstertausch auch rechtlich nichts mehr im Wege steht.<\/strong><\/p><\/div>\n\t\t\t\t<\/div>\n\t\t\t\t<\/div>\n\t\t\t\t\t\t<\/div>\n\t\t\t<\/div>\n\t\t<\/div>\n\t\t\t\t\t\t<\/div>\n\t\t\t<\/div>\n\t\t<\/section>\n\t\t\t\t<section class=\"elementor-element elementor-element-d286609 elementor-section-boxed elementor-section-height-default elementor-section-height-default elementor-section elementor-top-section\" data-id=\"d286609\" data-element_type=\"section\">\n\t\t\t\t\t\t<div class=\"elementor-container elementor-column-gap-default\">\n\t\t\t\t<div class=\"elementor-row\">\n\t\t\t\t<div class=\"elementor-element elementor-element-f98034b elementor-column elementor-col-100 elementor-top-column\" data-id=\"f98034b\" data-element_type=\"column\">\n\t\t\t<div class=\"elementor-column-wrap  elementor-element-populated\">\n\t\t\t\t\t<div class=\"elementor-widget-wrap\">\n\t\t\t\t<div class=\"elementor-element elementor-element-9fd6436 elementor-widget elementor-widget-spacer\" data-id=\"9fd6436\" data-element_type=\"widget\" data-widget_type=\"spacer.default\">\n\t\t\t\t<div class=\"elementor-widget-container\">\n\t\t\t\t\t<div class=\"elementor-spacer\">\n\t\t\t<div class=\"elementor-spacer-inner\"><\/div>\n\t\t<\/div>\n\t\t\t\t<\/div>\n\t\t\t\t<\/div>\n\t\t\t\t\t\t<\/div>\n\t\t\t<\/div>\n\t\t<\/div>\n\t\t\t\t\t\t<\/div>\n\t\t\t<\/div>\n\t\t<\/section>\n\t\t\t\t\t\t<\/div>\n\t\t\t<\/div>\n\t\t<\/div>\n\t\t","protected":false},"excerpt":{"rendered":"<p>Unsere Leistungen Tischlerarbeiten,- Service,- Reparaturen- und Instandsetzungen von Fenstern und T\u00fcren aller Art Erneuerung von einzelnen Kastenfensterebenen- \u201eSANIERFENSTER\u201c Sanierung und Reparatur von Kastenfenstern Vertrieb und Montage von Holz,- Holz\/Alu Fenstern, Kunststoff und Kunststoff\/Alu- Fenstern, sowie Sonnen- und Insektenschutz von namenhaften \u00f6sterreichischen Erzeugern. Kastenfenster sind ein sehr wichtiger Bestandteil von historischen [&hellip;]<\/p>\n","protected":false},"author":1,"featured_media":0,"parent":0,"menu_order":0,"comment_status":"closed","ping_status":"closed","template":"page-templates\/template-pagebuilder-full-width.php","meta":[],"_links":{"self":[{"href":"http:\/\/ah-fensterservice.at\/index.php?rest_route=\/wp\/v2\/pages\/7"}],"collection":[{"href":"http:\/\/ah-fensterservice.at\/index.php?rest_route=\/wp\/v2\/pages"}],"about":[{"href":"http:\/\/ah-fensterservice.at\/index.php?rest_route=\/wp\/v2\/types\/page"}],"author":[{"embeddable":true,"href":"http:\/\/ah-fensterservice.at\/index.php?rest_route=\/wp\/v2\/users\/1"}],"replies":[{"embeddable":true,"href":"http:\/\/ah-fensterservice.at\/index.php?rest_route=%2Fwp%2Fv2%2Fcomments&post=7"}],"version-history":[{"count":23,"href":"http:\/\/ah-fensterservice.at\/index.php?rest_route=\/wp\/v2\/pages\/7\/revisions"}],"predecessor-version":[{"id":110,"href":"http:\/\/ah-fensterservice.at\/index.php?rest_route=\/wp\/v2\/pages\/7\/revisions\/110"}],"wp:attachment":[{"href":"http:\/\/ah-fensterservice.at\/index.php?rest_route=%2Fwp%2Fv2%2Fmedia&parent=7"}],"curies":[{"name":"wp","href":"https:\/\/api.w.org\/{rel}","templated":true}]}}