{"id":35,"date":"2020-05-29T14:01:04","date_gmt":"2020-05-29T14:01:04","guid":{"rendered":"http:\/\/ah-fensterservice.at\/?page_id=35"},"modified":"2020-06-06T11:07:15","modified_gmt":"2020-06-06T11:07:15","slug":"impressum","status":"publish","type":"page","link":"http:\/\/ah-fensterservice.at\/?page_id=35","title":{"rendered":"Impressum"},"content":{"rendered":"\t\t<div data-elementor-type=\"wp-page\" data-elementor-id=\"35\" class=\"elementor elementor-35\" data-elementor-settings=\"[]\">\n\t\t\t<div class=\"elementor-inner\">\n\t\t\t\t<div class=\"elementor-section-wrap\">\n\t\t\t\t\t\t\t<section class=\"elementor-element elementor-element-082a247 elementor-section-boxed elementor-section-height-default elementor-section-height-default elementor-section elementor-top-section\" data-id=\"082a247\" data-element_type=\"section\">\n\t\t\t\t\t\t<div class=\"elementor-container elementor-column-gap-default\">\n\t\t\t\t<div class=\"elementor-row\">\n\t\t\t\t<div class=\"elementor-element elementor-element-80c3243 elementor-column elementor-col-100 elementor-top-column\" data-id=\"80c3243\" data-element_type=\"column\">\n\t\t\t<div class=\"elementor-column-wrap  elementor-element-populated\">\n\t\t\t\t\t<div class=\"elementor-widget-wrap\">\n\t\t\t\t<div class=\"elementor-element elementor-element-6736cb9 elementor-widget elementor-widget-spacer\" data-id=\"6736cb9\" data-element_type=\"widget\" data-widget_type=\"spacer.default\">\n\t\t\t\t<div class=\"elementor-widget-container\">\n\t\t\t\t\t<div class=\"elementor-spacer\">\n\t\t\t<div class=\"elementor-spacer-inner\"><\/div>\n\t\t<\/div>\n\t\t\t\t<\/div>\n\t\t\t\t<\/div>\n\t\t\t\t<div class=\"elementor-element elementor-element-095e5d0 elementor-widget elementor-widget-heading\" data-id=\"095e5d0\" data-element_type=\"widget\" data-widget_type=\"heading.default\">\n\t\t\t\t<div class=\"elementor-widget-container\">\n\t\t\t<h1 class=\"elementor-heading-title elementor-size-default\">Impressum<\/h1>\t\t<\/div>\n\t\t\t\t<\/div>\n\t\t\t\t\t\t<\/div>\n\t\t\t<\/div>\n\t\t<\/div>\n\t\t\t\t\t\t<\/div>\n\t\t\t<\/div>\n\t\t<\/section>\n\t\t\t\t<section class=\"elementor-element elementor-element-88825c0 elementor-section-boxed elementor-section-height-default elementor-section-height-default elementor-section elementor-top-section\" data-id=\"88825c0\" data-element_type=\"section\">\n\t\t\t\t\t\t<div class=\"elementor-container elementor-column-gap-default\">\n\t\t\t\t<div class=\"elementor-row\">\n\t\t\t\t<div class=\"elementor-element elementor-element-7f1081f elementor-column elementor-col-100 elementor-top-column\" data-id=\"7f1081f\" data-element_type=\"column\">\n\t\t\t<div class=\"elementor-column-wrap  elementor-element-populated\">\n\t\t\t\t\t<div class=\"elementor-widget-wrap\">\n\t\t\t\t<div class=\"elementor-element elementor-element-3aef9d9 elementor-widget elementor-widget-heading\" data-id=\"3aef9d9\" data-element_type=\"widget\" data-widget_type=\"heading.default\">\n\t\t\t\t<div class=\"elementor-widget-container\">\n\t\t\t<h3 class=\"elementor-heading-title elementor-size-default\">ALFRED HUBER Fensterservice GmbH<\/h3>\t\t<\/div>\n\t\t\t\t<\/div>\n\t\t\t\t\t\t<\/div>\n\t\t\t<\/div>\n\t\t<\/div>\n\t\t\t\t\t\t<\/div>\n\t\t\t<\/div>\n\t\t<\/section>\n\t\t\t\t<section class=\"elementor-element elementor-element-de19d33 elementor-section-boxed elementor-section-height-default elementor-section-height-default elementor-section elementor-top-section\" data-id=\"de19d33\" data-element_type=\"section\">\n\t\t\t\t\t\t<div class=\"elementor-container elementor-column-gap-default\">\n\t\t\t\t<div class=\"elementor-row\">\n\t\t\t\t<div class=\"elementor-element elementor-element-9b8868f elementor-column elementor-col-100 elementor-top-column\" data-id=\"9b8868f\" data-element_type=\"column\">\n\t\t\t<div class=\"elementor-column-wrap  elementor-element-populated\">\n\t\t\t\t\t<div class=\"elementor-widget-wrap\">\n\t\t\t\t<div class=\"elementor-element elementor-element-6562244 elementor-widget elementor-widget-text-editor\" data-id=\"6562244\" data-element_type=\"widget\" data-widget_type=\"text-editor.default\">\n\t\t\t\t<div class=\"elementor-widget-container\">\n\t\t\t\t\t<div class=\"elementor-text-editor elementor-clearfix\"><p>Gesch\u00e4ftsf\u00fchrer: Hr. Alfred HUBER<br \/>Gesellschafter: Hr. Alfred HUBER 100%<\/p><p>Taborstra\u00dfe 59<br \/>A-1020 Wien<br \/>Tel.: 01\/2127940<br \/>Fax: 01\/2168723<\/p><p><a href=\"http:\/\/www.ah-fensterservice.at\">www.ah-fensterservice.at<\/a><\/p><p><a href=\"mailto:office@reparaturannahme.at\">office@reparaturannahme.at<\/a><\/p><p>Handelsgericht: Wien<br \/>UID-Nummer: ATU 67466538<br \/>Firmenbuchnr.: FN 386238y<br \/>ANK\u00d6 Nr.: FC 81258<\/p><p><img loading=\"lazy\" src=\"http:\/\/ah-fensterservice.at\/wp-content\/uploads\/2020\/06\/Gutesiegel_Meister_300dpi-150x150.jpg\" alt=\"G\u00fctesiegel Meisterbetrieb\" width=\"150\" height=\"150\" class=\"wp-image-90 size-thumbnail alignnone\" srcset=\"http:\/\/ah-fensterservice.at\/wp-content\/uploads\/2020\/06\/Gutesiegel_Meister_300dpi-150x150.jpg 150w, http:\/\/ah-fensterservice.at\/wp-content\/uploads\/2020\/06\/Gutesiegel_Meister_300dpi-300x300.jpg 300w, http:\/\/ah-fensterservice.at\/wp-content\/uploads\/2020\/06\/Gutesiegel_Meister_300dpi-768x768.jpg 768w, http:\/\/ah-fensterservice.at\/wp-content\/uploads\/2020\/06\/Gutesiegel_Meister_300dpi.jpg 862w\" sizes=\"(max-width: 150px) 100vw, 150px\" \/><\/p><p><img loading=\"lazy\" src=\"http:\/\/ah-fensterservice.at\/wp-content\/uploads\/2020\/06\/wko-ecg-grafik-300x45.jpg\" alt=\"Informationspflicht lt. ECG und Mediengesetz\" width=\"300\" height=\"45\" class=\"wp-image-91 size-medium alignnone\" srcset=\"http:\/\/ah-fensterservice.at\/wp-content\/uploads\/2020\/06\/wko-ecg-grafik-300x45.jpg 300w, http:\/\/ah-fensterservice.at\/wp-content\/uploads\/2020\/06\/wko-ecg-grafik-768x115.jpg 768w, http:\/\/ah-fensterservice.at\/wp-content\/uploads\/2020\/06\/wko-ecg-grafik.jpg 1000w\" sizes=\"(max-width: 300px) 100vw, 300px\" \/><\/p><p>Plattform der EU-Kommission zur Online-Streitbeilegung:\u00a0<\/p><p><a href=\"https:\/\/ec.europa.eu\/consumers\/odr\">https:\/\/ec.europa.eu\/consumers\/odr<\/a><\/p><h4>Haftung<\/h4><p>S\u00e4mtliche Texte auf der Website wurden sorgf\u00e4ltig gepr\u00fcft. Dessen ungeachtet kann keine Garantie f\u00fcr Richtigkeit, Vollst\u00e4ndigkeit und Aktualit\u00e4t der Angaben \u00fcbernommen werden.<\/p><h4>Quellen der Fotos und Grafiken<\/h4><p>Hr. Lukas CERU<\/p><h4>Umsetzung und Betreuung:<\/h4><p>Hr. Lukas CERU<\/p><\/div>\n\t\t\t\t<\/div>\n\t\t\t\t<\/div>\n\t\t\t\t\t\t<\/div>\n\t\t\t<\/div>\n\t\t<\/div>\n\t\t\t\t\t\t<\/div>\n\t\t\t<\/div>\n\t\t<\/section>\n\t\t\t\t\t\t<\/div>\n\t\t\t<\/div>\n\t\t<\/div>\n\t\t","protected":false},"excerpt":{"rendered":"<p>Impressum ALFRED HUBER Fensterservice GmbH Gesch\u00e4ftsf\u00fchrer: Hr. Alfred HUBERGesellschafter: Hr. Alfred HUBER 100% Taborstra\u00dfe 59A-1020 WienTel.: 01\/2127940Fax: 01\/2168723 www.ah-fensterservice.at office@reparaturannahme.at Handelsgericht: WienUID-Nummer: ATU 67466538Firmenbuchnr.: FN 386238yANK\u00d6 Nr.: FC 81258 Plattform der EU-Kommission zur Online-Streitbeilegung:\u00a0 https:\/\/ec.europa.eu\/consumers\/odr Haftung S\u00e4mtliche Texte auf der Website wurden sorgf\u00e4ltig gepr\u00fcft. Dessen ungeachtet kann keine Garantie f\u00fcr [&hellip;]<\/p>\n","protected":false},"author":1,"featured_media":0,"parent":0,"menu_order":0,"comment_status":"closed","ping_status":"closed","template":"page-templates\/template-pagebuilder-full-width.php","meta":[],"_links":{"self":[{"href":"http:\/\/ah-fensterservice.at\/index.php?rest_route=\/wp\/v2\/pages\/35"}],"collection":[{"href":"http:\/\/ah-fensterservice.at\/index.php?rest_route=\/wp\/v2\/pages"}],"about":[{"href":"http:\/\/ah-fensterservice.at\/index.php?rest_route=\/wp\/v2\/types\/page"}],"author":[{"embeddable":true,"href":"http:\/\/ah-fensterservice.at\/index.php?rest_route=\/wp\/v2\/users\/1"}],"replies":[{"embeddable":true,"href":"http:\/\/ah-fensterservice.at\/index.php?rest_route=%2Fwp%2Fv2%2Fcomments&post=35"}],"version-history":[{"count":10,"href":"http:\/\/ah-fensterservice.at\/index.php?rest_route=\/wp\/v2\/pages\/35\/revisions"}],"predecessor-version":[{"id":102,"href":"http:\/\/ah-fensterservice.at\/index.php?rest_route=\/wp\/v2\/pages\/35\/revisions\/102"}],"wp:attachment":[{"href":"http:\/\/ah-fensterservice.at\/index.php?rest_route=%2Fwp%2Fv2%2Fmedia&parent=35"}],"curies":[{"name":"wp","href":"https:\/\/api.w.org\/{rel}","templated":true}]}}