{"id":2,"date":"2020-05-21T00:00:00","date_gmt":"2020-05-21T00:00:00","guid":{"rendered":"http:\/\/ah-fensterservice.at\/?page_id=2"},"modified":"2020-05-29T15:24:29","modified_gmt":"2020-05-29T15:24:29","slug":"sample-page","status":"publish","type":"page","link":"http:\/\/ah-fensterservice.at\/?page_id=2","title":{"rendered":"Referenzen &#038; Kooperationspartner:"},"content":{"rendered":"<h5>Ein kleiner Auszug unserer langj\u00e4hrigen Stammkunden:<\/h5>\n<blockquote>\n<ul>\n<li>UNIQA Real Estate Management<\/li>\n<li>Immobilienkanzlei SCHNEEWEISS<\/li>\n<li>ORF- \u00d6sterreichischer Rundfunk<\/li>\n<li>Fa. Bst\u00e4ndig- Heilbedarf<\/li>\n<li>Austria Trend Hotels<\/li>\n<li>Wiener Stadtschulrat<\/li>\n<\/ul>\n<\/blockquote>\n<h5>Unsere Kooperationspartner:<\/h5>\n<blockquote>\n<ul>\n<li>Nik Ludvik- Tischlerbetrieb, 1140 Wien<\/li>\n<li>Der Trenker baut- Baufirma, 1020 Wien<\/li>\n<li>Frauenfeld &amp; Berghof- Baufirma, 1040 Wien<\/li>\n<li>Waldviertler Glasmanufaktur, 2486 Pottendorf-Landegg<\/li>\n<li>Spenglerei Koch, 1160 Wien<\/li>\n<li>Alexander Dolezal- Installateurfachbetrieb, 1210 Wien<\/li>\n<li>Maler Kirisits, 1160 Wien<\/li>\n<li>Herak- Elektrotechnik, 1020 Wien<\/li>\n<\/ul>\n<\/blockquote>\n<p>Professionelle und kompetente Beratung, Auftragsabwicklung und Montage aus einer Hand!<\/p>\n","protected":false},"excerpt":{"rendered":"<p>Ein kleiner Auszug unserer langj\u00e4hrigen Stammkunden: UNIQA Real Estate Management Immobilienkanzlei SCHNEEWEISS ORF- \u00d6sterreichischer Rundfunk Fa. Bst\u00e4ndig- Heilbedarf Austria Trend Hotels Wiener Stadtschulrat Unsere Kooperationspartner: Nik Ludvik- Tischlerbetrieb, 1140 Wien Der Trenker baut- Baufirma, 1020 Wien Frauenfeld &amp; Berghof- Baufirma, 1040 Wien Waldviertler Glasmanufaktur, 2486 Pottendorf-Landegg Spenglerei Koch, 1160 Wien [&hellip;]<\/p>\n","protected":false},"author":1,"featured_media":0,"parent":0,"menu_order":0,"comment_status":"closed","ping_status":"open","template":"","meta":[],"_links":{"self":[{"href":"http:\/\/ah-fensterservice.at\/index.php?rest_route=\/wp\/v2\/pages\/2"}],"collection":[{"href":"http:\/\/ah-fensterservice.at\/index.php?rest_route=\/wp\/v2\/pages"}],"about":[{"href":"http:\/\/ah-fensterservice.at\/index.php?rest_route=\/wp\/v2\/types\/page"}],"author":[{"embeddable":true,"href":"http:\/\/ah-fensterservice.at\/index.php?rest_route=\/wp\/v2\/users\/1"}],"replies":[{"embeddable":true,"href":"http:\/\/ah-fensterservice.at\/index.php?rest_route=%2Fwp%2Fv2%2Fcomments&post=2"}],"version-history":[{"count":2,"href":"http:\/\/ah-fensterservice.at\/index.php?rest_route=\/wp\/v2\/pages\/2\/revisions"}],"predecessor-version":[{"id":74,"href":"http:\/\/ah-fensterservice.at\/index.php?rest_route=\/wp\/v2\/pages\/2\/revisions\/74"}],"wp:attachment":[{"href":"http:\/\/ah-fensterservice.at\/index.php?rest_route=%2Fwp%2Fv2%2Fmedia&parent=2"}],"curies":[{"name":"wp","href":"https:\/\/api.w.org\/{rel}","templated":true}]}}